{"id":132880,"date":"2024-07-30T15:48:58","date_gmt":"2024-07-30T18:48:58","guid":{"rendered":"https:\/\/eyfsolutions.com\/servicios-publicos\/"},"modified":"2025-05-05T11:28:52","modified_gmt":"2025-05-05T14:28:52","slug":"servicios-publicos","status":"publish","type":"page","link":"https:\/\/eyfsolutions.com\/es\/servicios-publicos\/","title":{"rendered":"Servicios P\u00fablicos"},"content":{"rendered":"<div class=\"wpb-content-wrapper\"><p>[vc_row unlock_row_content=\u00bbyes\u00bb row_height_percent=\u00bb100&#8243; override_padding=\u00bbyes\u00bb h_padding=\u00bb0&#8243; top_padding=\u00bb0&#8243; bottom_padding=\u00bb0&#8243; overlay_alpha=\u00bb50&#8243; equal_height=\u00bbyes\u00bb gutter_size=\u00bb0&#8243; column_width_percent=\u00bb100&#8243; shift_y=\u00bb0&#8243; z_index=\u00bb0&#8243; uncode_shortcode_id=\u00bb154389&#8243;][vc_column column_width_percent=\u00bb100&#8243; position_horizontal=\u00bbright\u00bb position_vertical=\u00bbbottom\u00bb align_horizontal=\u00bbalign_center\u00bb gutter_size=\u00bb3&#8243; override_padding=\u00bbyes\u00bb column_padding=\u00bb3&#8243; style=\u00bbdark\u00bb back_image=\u00bb132372&#8243; overlay_color=\u00bbcolor-jevc\u00bb overlay_alpha=\u00bb16&#8243; shift_x=\u00bb0&#8243; shift_y=\u00bb0&#8243; shift_y_down=\u00bb0&#8243; z_index=\u00bb0&#8243; medium_width=\u00bb0&#8243; mobile_width=\u00bb0&#8243; width=\u00bb5\/12&#8243; mobile_height=\u00bb340&#8243; uncode_shortcode_id=\u00bb211603&#8243; overlay_color_type=\u00bbuncode-palette\u00bb][uncode_vertical_text position=\u00bbright\u00bb vertical_text_h_pos=\u00bb-3&#8243; z_index=\u00bb0&#8243; text_size=\u00bbfontsize-160000&#8243; text_weight=\u00bb600&#8243; text_space=\u00bbfontspace-135905&#8243; mobile_visibility=\u00bbyes\u00bb uncode_shortcode_id=\u00bb160722&#8243;]SETORES ATENDIDOS[\/uncode_vertical_text][vc_row_inner][vc_column_inner column_width_use_pixel=\u00bbyes\u00bb position_horizontal=\u00bbright\u00bb position_vertical=\u00bbbottom\u00bb align_horizontal=\u00bbalign_right\u00bb gutter_size=\u00bb3&#8243; overlay_alpha=\u00bb50&#8243; shift_x=\u00bb1&#8243; shift_x_fixed=\u00bbyes\u00bb shift_y=\u00bb0&#8243; shift_y_down=\u00bb0&#8243; z_index=\u00bb0&#8243; medium_width=\u00bb0&#8243; mobile_width=\u00bb0&#8243; width=\u00bb1\/1&#8243; uncode_shortcode_id=\u00bb699538&#8243; column_width_pixel=\u00bb150&#8243;][vc_single_image media=\u00bb131232&#8243; media_width_use_pixel=\u00bbyes\u00bb alignment=\u00bbright\u00bb uncode_shortcode_id=\u00bb394824&#8243; media_width_pixel=\u00bb60&#8243;][vc_empty_space empty_h=\u00bb2&#8243;][\/vc_column_inner][\/vc_row_inner][\/vc_column][vc_column column_width_use_pixel=\u00bbyes\u00bb position_vertical=\u00bbmiddle\u00bb gutter_size=\u00bb3&#8243; override_padding=\u00bbyes\u00bb column_padding=\u00bb5&#8243; overlay_alpha=\u00bb91&#8243; shift_x=\u00bb0&#8243; shift_y=\u00bb0&#8243; shift_y_down=\u00bb0&#8243; z_index=\u00bb0&#8243; medium_width=\u00bb0&#8243; mobile_width=\u00bb0&#8243; width=\u00bb7\/12&#8243; column_width_pixel=\u00bb650&#8243; uncode_shortcode_id=\u00bb211668&#8243;][vc_custom_heading auto_text=\u00bbyes\u00bb text_size=\u00bbfontsize-155944&#8243; uncode_shortcode_id=\u00bb131347&#8243;]Agronegocio[\/vc_custom_heading][vc_column_text uncode_shortcode_id=\u00bb207273&#8243;]Garantice la eficiencia operacional de su empresa en la oferta de servicios p\u00fablicos, como transmisi\u00f3n de energ\u00eda el\u00e9ctrica y operaciones de saneamiento b\u00e1sico, sectores que enfrentan desaf\u00edos complejos y buscan soluciones eficientes basadas en an\u00e1lisis de datos y proyecci\u00f3n de escenarios futuros.[\/vc_column_text][vc_empty_space empty_h=\u00bb1&#8243;][vc_row_inner][vc_column_inner column_width_percent=\u00bb100&#8243; gutter_size=\u00bb2&#8243; overlay_alpha=\u00bb50&#8243; shift_x=\u00bb0&#8243; shift_y=\u00bb0&#8243; shift_y_down=\u00bb0&#8243; z_index=\u00bb0&#8243; medium_width=\u00bb4&#8243; mobile_width=\u00bb0&#8243; width=\u00bb1\/2&#8243; uncode_shortcode_id=\u00bb410534&#8243;][vc_custom_heading heading_semantic=\u00bbh3&#8243; text_size=\u00bbh3&#8243; uncode_shortcode_id=\u00bb115787&#8243;]Principales<br \/>\ndesaf\u00edos[\/vc_custom_heading][uncode_list icon=\u00bbfa fa-check-square\u00bb icon_color=\u00bbcolor-nhtu\u00bb uncode_shortcode_id=\u00bb252206&#8243; icon_color_type=\u00bbuncode-palette\u00bb]<\/p>\n<ul>\n<li>Demanda creciente por recursos<\/li>\n<li>Ineficiencia operacional<\/li>\n<li>Planificaci\u00f3n de capacidad inadecuada<\/li>\n<li>Gesti\u00f3n ineficiente<\/li>\n<li>Falta de planificaci\u00f3n para mantenimiento de infraestructura<\/li>\n<\/ul>\n<p>[\/uncode_list][\/vc_column_inner][vc_column_inner column_width_percent=\u00bb100&#8243; gutter_size=\u00bb2&#8243; overlay_alpha=\u00bb50&#8243; shift_x=\u00bb0&#8243; shift_y=\u00bb0&#8243; shift_y_down=\u00bb0&#8243; z_index=\u00bb0&#8243; medium_width=\u00bb4&#8243; mobile_width=\u00bb0&#8243; width=\u00bb1\/2&#8243; uncode_shortcode_id=\u00bb949532&#8243;][vc_custom_heading heading_semantic=\u00bbh3&#8243; text_size=\u00bbh3&#8243; uncode_shortcode_id=\u00bb222963&#8243;]C\u00f3mo EYF<br \/>\npuede ayudar[\/vc_custom_heading][uncode_list icon=\u00bbfa fa-check-square\u00bb icon_color=\u00bbaccent\u00bb uncode_shortcode_id=\u00bb143506&#8243; icon_color_type=\u00bbuncode-palette\u00bb]<\/p>\n<ul>\n<li>An\u00e1lisis predictivos de demanda<\/li>\n<li>Optimizaci\u00f3n del uso de recursos<\/li>\n<li>Modelos predictivos para mantenimiento proactivo<\/li>\n<li>Estrategias de gesti\u00f3n de activos<\/li>\n<li>Oportunidades de eficiencia energ\u00e9tica<\/li>\n<li>Reducci\u00f3n de riesgos relacionados a la seguridad<\/li>\n<\/ul>\n<p>[\/uncode_list][\/vc_column_inner][\/vc_row_inner][vc_separator sep_color=\u00bb\u00bb uncode_shortcode_id=\u00bb191780&#8243;][vc_row_inner][vc_column_inner column_width_percent=\u00bb100&#8243; gutter_size=\u00bb2&#8243; overlay_alpha=\u00bb50&#8243; shift_x=\u00bb0&#8243; shift_y=\u00bb0&#8243; shift_y_down=\u00bb0&#8243; z_index=\u00bb0&#8243; medium_width=\u00bb4&#8243; mobile_width=\u00bb0&#8243; width=\u00bb1\/1&#8243; uncode_shortcode_id=\u00bb410534&#8243;][vc_button radius=\u00bbbtn-round\u00bb custom_typo=\u00bbyes\u00bb font_family=\u00bbfont-377884&#8243; font_weight=\u00bb500&#8243; text_transform=\u00bbuppercase\u00bb border_width=\u00bb0&#8243; display=\u00bbinline\u00bb scale_mobile=\u00bbno\u00bb css_animation=\u00bbbottom-t-top\u00bb animation_speed=\u00bb1000&#8243; animation_delay=\u00bb100&#8243; uncode_shortcode_id=\u00bb110457&#8243; link=\u00bburl:%2F%3Ftripetto%3D8c5475b54e81e51a726f2573b6b2716d959603018b3ba0972aed919d1ae99249|target:_blank|\u00bb]\u00bfVAMOS A CONVERSAR?[\/vc_button][vc_button radius=\u00bbbtn-round\u00bb outline=\u00bbyes\u00bb custom_typo=\u00bbyes\u00bb font_family=\u00bbfont-377884&#8243; font_weight=\u00bb500&#8243; text_transform=\u00bbuppercase\u00bb border_width=\u00bb0&#8243; icon_position=\u00bbright\u00bb display=\u00bbinline\u00bb scale_mobile=\u00bbno\u00bb css_animation=\u00bbbottom-t-top\u00bb animation_speed=\u00bb1000&#8243; animation_delay=\u00bb300&#8243; uncode_shortcode_id=\u00bb320854&#8243; link=\u00bburl:javascript%3Ahistory.back%28%29|\u00bb icon=\u00bbfa fa-arrow-back\u00bb]VOLVER[\/vc_button][\/vc_column_inner][\/vc_row_inner][\/vc_column][\/vc_row]<\/p>\n<\/div>","protected":false},"excerpt":{"rendered":"<p>[vc_row unlock_row_content=\u00bbyes\u00bb row_height_percent=\u00bb100&#8243; override_padding=\u00bbyes\u00bb h_padding=\u00bb0&#8243; top_padding=\u00bb0&#8243; bottom_padding=\u00bb0&#8243; overlay_alpha=\u00bb50&#8243; equal_height=\u00bbyes\u00bb gutter_size=\u00bb0&#8243; column_width_percent=\u00bb100&#8243; shift_y=\u00bb0&#8243; z_index=\u00bb0&#8243; uncode_shortcode_id=\u00bb154389&#8243;][vc_column column_width_percent=\u00bb100&#8243; position_horizontal=\u00bbright\u00bb position_vertical=\u00bbbottom\u00bb align_horizontal=\u00bbalign_center\u00bb gutter_size=\u00bb3&#8243; override_padding=\u00bbyes\u00bb [&hellip;]<\/p>\n","protected":false},"author":1,"featured_media":131342,"parent":0,"menu_order":0,"comment_status":"closed","ping_status":"closed","template":"","meta":{"_seopress_robots_primary_cat":"","_seopress_titles_title":"","_seopress_titles_desc":"","_seopress_robots_index":"","content-type":"","footnotes":""},"class_list":["post-132880","page","type-page","status-publish","has-post-thumbnail","hentry","page_category-sectores"],"_links":{"self":[{"href":"https:\/\/eyfsolutions.com\/es\/wp-json\/wp\/v2\/pages\/132880","targetHints":{"allow":["GET"]}}],"collection":[{"href":"https:\/\/eyfsolutions.com\/es\/wp-json\/wp\/v2\/pages"}],"about":[{"href":"https:\/\/eyfsolutions.com\/es\/wp-json\/wp\/v2\/types\/page"}],"author":[{"embeddable":true,"href":"https:\/\/eyfsolutions.com\/es\/wp-json\/wp\/v2\/users\/1"}],"replies":[{"embeddable":true,"href":"https:\/\/eyfsolutions.com\/es\/wp-json\/wp\/v2\/comments?post=132880"}],"version-history":[{"count":0,"href":"https:\/\/eyfsolutions.com\/es\/wp-json\/wp\/v2\/pages\/132880\/revisions"}],"wp:featuredmedia":[{"embeddable":true,"href":"https:\/\/eyfsolutions.com\/es\/wp-json\/wp\/v2\/media\/131342"}],"wp:attachment":[{"href":"https:\/\/eyfsolutions.com\/es\/wp-json\/wp\/v2\/media?parent=132880"}],"curies":[{"name":"wp","href":"https:\/\/api.w.org\/{rel}","templated":true}]}}