{"id":130732,"date":"2024-07-30T15:46:09","date_gmt":"2024-07-30T18:46:09","guid":{"rendered":"https:\/\/eyfsolutions.com\/?page_id=130732"},"modified":"2024-09-28T12:56:42","modified_gmt":"2024-09-28T15:56:42","slug":"servicos","status":"publish","type":"page","link":"https:\/\/eyfsolutions.com\/pt-br\/servicos\/","title":{"rendered":"Servi\u00e7os"},"content":{"rendered":"<div class=\"wpb-content-wrapper\"><p>[vc_row unlock_row_content=&#8221;yes&#8221; row_height_percent=&#8221;100&#8243; override_padding=&#8221;yes&#8221; h_padding=&#8221;0&#8243; top_padding=&#8221;0&#8243; bottom_padding=&#8221;0&#8243; overlay_alpha=&#8221;50&#8243; equal_height=&#8221;yes&#8221; gutter_size=&#8221;0&#8243; column_width_percent=&#8221;100&#8243; shift_y=&#8221;0&#8243; z_index=&#8221;0&#8243; uncode_shortcode_id=&#8221;154389&#8243;][vc_column column_width_percent=&#8221;100&#8243; position_horizontal=&#8221;right&#8221; position_vertical=&#8221;bottom&#8221; align_horizontal=&#8221;align_center&#8221; gutter_size=&#8221;3&#8243; override_padding=&#8221;yes&#8221; column_padding=&#8221;3&#8243; style=&#8221;dark&#8221; back_image=&#8221;130800&#8243; overlay_color=&#8221;color-jevc&#8221; overlay_alpha=&#8221;14&#8243; shift_x=&#8221;0&#8243; shift_y=&#8221;0&#8243; shift_y_down=&#8221;0&#8243; z_index=&#8221;0&#8243; medium_width=&#8221;0&#8243; mobile_width=&#8221;0&#8243; width=&#8221;5\/12&#8243; mobile_height=&#8221;340&#8243; uncode_shortcode_id=&#8221;127767&#8243; overlay_color_type=&#8221;uncode-palette&#8221;][uncode_vertical_text position=&#8221;right&#8221; vertical_text_h_pos=&#8221;-3&#8243; z_index=&#8221;0&#8243; text_size=&#8221;fontsize-160000&#8243; text_weight=&#8221;600&#8243; text_space=&#8221;fontspace-135905&#8243; mobile_visibility=&#8221;yes&#8221; uncode_shortcode_id=&#8221;160722&#8243;]SETORES ATENDIDOS[\/uncode_vertical_text][vc_row_inner][vc_column_inner column_width_use_pixel=&#8221;yes&#8221; position_horizontal=&#8221;right&#8221; position_vertical=&#8221;bottom&#8221; align_horizontal=&#8221;align_right&#8221; gutter_size=&#8221;3&#8243; overlay_alpha=&#8221;50&#8243; shift_x=&#8221;1&#8243; shift_x_fixed=&#8221;yes&#8221; shift_y=&#8221;0&#8243; shift_y_down=&#8221;0&#8243; z_index=&#8221;0&#8243; medium_width=&#8221;0&#8243; mobile_width=&#8221;0&#8243; width=&#8221;1\/1&#8243; uncode_shortcode_id=&#8221;699538&#8243; column_width_pixel=&#8221;150&#8243;][vc_single_image media=&#8221;131232&#8243; media_width_use_pixel=&#8221;yes&#8221; alignment=&#8221;right&#8221; uncode_shortcode_id=&#8221;394824&#8243; media_width_pixel=&#8221;60&#8243;][vc_empty_space empty_h=&#8221;2&#8243;][\/vc_column_inner][\/vc_row_inner][\/vc_column][vc_column column_width_use_pixel=&#8221;yes&#8221; position_vertical=&#8221;middle&#8221; gutter_size=&#8221;3&#8243; override_padding=&#8221;yes&#8221; column_padding=&#8221;5&#8243; overlay_alpha=&#8221;91&#8243; shift_x=&#8221;0&#8243; shift_y=&#8221;0&#8243; shift_y_down=&#8221;0&#8243; z_index=&#8221;0&#8243; medium_width=&#8221;0&#8243; mobile_width=&#8221;0&#8243; width=&#8221;7\/12&#8243; column_width_pixel=&#8221;650&#8243; uncode_shortcode_id=&#8221;498693&#8243;][vc_custom_heading auto_text=&#8221;yes&#8221; text_size=&#8221;fontsize-155944&#8243; uncode_shortcode_id=&#8221;131347&#8243;]Agroneg\u00f3cio[\/vc_custom_heading][vc_column_text uncode_shortcode_id=&#8221;139160&#8243;]Tenha uma opera\u00e7\u00e3o eficiente, capaz de prever e se adaptar \u00e0s mudan\u00e7as constantes de um mercado amplo, que abrange desde servi\u00e7os financeiros e consultoria at\u00e9 hospitalidade e tecnologia da informa\u00e7\u00e3o. EYF oferece uma abordagem inovadora e \u00e1gil para resolver problemas, antecipar tend\u00eancias e e responder rapidamente \u00e0s mudan\u00e7as do mercado.[\/vc_column_text][vc_empty_space empty_h=&#8221;1&#8243;][vc_row_inner][vc_column_inner column_width_percent=&#8221;100&#8243; gutter_size=&#8221;2&#8243; overlay_alpha=&#8221;50&#8243; shift_x=&#8221;0&#8243; shift_y=&#8221;0&#8243; shift_y_down=&#8221;0&#8243; z_index=&#8221;0&#8243; medium_width=&#8221;4&#8243; mobile_width=&#8221;0&#8243; width=&#8221;1\/2&#8243; uncode_shortcode_id=&#8221;410534&#8243;][vc_custom_heading heading_semantic=&#8221;h3&#8243; text_size=&#8221;h3&#8243; uncode_shortcode_id=&#8221;115787&#8243;]Principais<br \/>\ndesafios[\/vc_custom_heading][uncode_list icon=&#8221;fa fa-check-square&#8221; icon_color=&#8221;color-nhtu&#8221; uncode_shortcode_id=&#8221;180537&#8243; icon_color_type=&#8221;uncode-palette&#8221;]<\/p>\n<ul>\n<li>Flutua\u00e7\u00f5es na demanda<\/li>\n<li>Inefici\u00eancia operacional<\/li>\n<li>Ociosidade ou sobrecarga de recursos<\/li>\n<li>Fluxos de clientes desorganizado<\/li>\n<li>Custos operacionais<\/li>\n<\/ul>\n<p>[\/uncode_list][\/vc_column_inner][vc_column_inner column_width_percent=&#8221;100&#8243; gutter_size=&#8221;2&#8243; overlay_alpha=&#8221;50&#8243; shift_x=&#8221;0&#8243; shift_y=&#8221;0&#8243; shift_y_down=&#8221;0&#8243; z_index=&#8221;0&#8243; medium_width=&#8221;4&#8243; mobile_width=&#8221;0&#8243; width=&#8221;1\/2&#8243; uncode_shortcode_id=&#8221;949532&#8243;][vc_custom_heading heading_semantic=&#8221;h3&#8243; text_size=&#8221;h3&#8243; uncode_shortcode_id=&#8221;690764&#8243;]Como a EYF<br \/>\npode ajudar[\/vc_custom_heading][uncode_list icon=&#8221;fa fa-check-square&#8221; icon_color=&#8221;accent&#8221; uncode_shortcode_id=&#8221;108747&#8243; icon_color_type=&#8221;uncode-palette&#8221;]<\/p>\n<ul>\n<li>An\u00e1lise preditiva de tend\u00eancias e comportamento do mercado<\/li>\n<li>Otimiza\u00e7\u00e3o de processos<\/li>\n<li>Redu\u00e7\u00e3o de riscos operacionais<\/li>\n<li>Otimiza\u00e7\u00e3o de espa\u00e7os<\/li>\n<li>Redu\u00e7\u00e3o de custos operacionais<\/li>\n<\/ul>\n<p>[\/uncode_list][\/vc_column_inner][\/vc_row_inner][vc_separator sep_color=&#8221;&#8221; uncode_shortcode_id=&#8221;191780&#8243;][vc_row_inner][vc_column_inner column_width_percent=&#8221;100&#8243; gutter_size=&#8221;2&#8243; overlay_alpha=&#8221;50&#8243; shift_x=&#8221;0&#8243; shift_y=&#8221;0&#8243; shift_y_down=&#8221;0&#8243; z_index=&#8221;0&#8243; medium_width=&#8221;4&#8243; mobile_width=&#8221;0&#8243; width=&#8221;1\/1&#8243; uncode_shortcode_id=&#8221;410534&#8243;][vc_button radius=&#8221;btn-round&#8221; custom_typo=&#8221;yes&#8221; font_family=&#8221;font-377884&#8243; font_weight=&#8221;500&#8243; text_transform=&#8221;uppercase&#8221; border_width=&#8221;0&#8243; display=&#8221;inline&#8221; scale_mobile=&#8221;no&#8221; css_animation=&#8221;bottom-t-top&#8221; animation_speed=&#8221;1000&#8243; animation_delay=&#8221;100&#8243; uncode_shortcode_id=&#8221;138404&#8243; link=&#8221;url:https%3A%2F%2Feyfsolutions.com%2F%3Ftripetto%3Dc1d13264903918d68bf63e7a8c4c42d74025b4963230a5eca0374617f6960dae|target:_blank&#8221;]Vamos conversar?[\/vc_button][vc_button radius=&#8221;btn-round&#8221; outline=&#8221;yes&#8221; custom_typo=&#8221;yes&#8221; font_family=&#8221;font-377884&#8243; font_weight=&#8221;500&#8243; text_transform=&#8221;uppercase&#8221; border_width=&#8221;0&#8243; icon_position=&#8221;right&#8221; display=&#8221;inline&#8221; scale_mobile=&#8221;no&#8221; css_animation=&#8221;bottom-t-top&#8221; animation_speed=&#8221;1000&#8243; animation_delay=&#8221;300&#8243; uncode_shortcode_id=&#8221;320854&#8243; link=&#8221;url:javascript%3Ahistory.back()&#8221; icon=&#8221;fa fa-arrow-back&#8221;]Voltar[\/vc_button][\/vc_column_inner][\/vc_row_inner][\/vc_column][\/vc_row]<\/p>\n<\/div>","protected":false},"excerpt":{"rendered":"<p>[vc_row unlock_row_content=&#8221;yes&#8221; row_height_percent=&#8221;100&#8243; override_padding=&#8221;yes&#8221; h_padding=&#8221;0&#8243; top_padding=&#8221;0&#8243; bottom_padding=&#8221;0&#8243; overlay_alpha=&#8221;50&#8243; equal_height=&#8221;yes&#8221; gutter_size=&#8221;0&#8243; column_width_percent=&#8221;100&#8243; shift_y=&#8221;0&#8243; z_index=&#8221;0&#8243; uncode_shortcode_id=&#8221;154389&#8243;][vc_column column_width_percent=&#8221;100&#8243; position_horizontal=&#8221;right&#8221; position_vertical=&#8221;bottom&#8221; align_horizontal=&#8221;align_center&#8221; gutter_size=&#8221;3&#8243; override_padding=&#8221;yes&#8221; [&hellip;]<\/p>\n","protected":false},"author":1,"featured_media":130800,"parent":0,"menu_order":0,"comment_status":"closed","ping_status":"closed","template":"","meta":{"_seopress_robots_primary_cat":"","_seopress_titles_title":"","_seopress_titles_desc":"","_seopress_robots_index":"","content-type":"","footnotes":""},"class_list":["post-130732","page","type-page","status-publish","has-post-thumbnail","hentry","page_category-setores"],"_links":{"self":[{"href":"https:\/\/eyfsolutions.com\/pt-br\/wp-json\/wp\/v2\/pages\/130732","targetHints":{"allow":["GET"]}}],"collection":[{"href":"https:\/\/eyfsolutions.com\/pt-br\/wp-json\/wp\/v2\/pages"}],"about":[{"href":"https:\/\/eyfsolutions.com\/pt-br\/wp-json\/wp\/v2\/types\/page"}],"author":[{"embeddable":true,"href":"https:\/\/eyfsolutions.com\/pt-br\/wp-json\/wp\/v2\/users\/1"}],"replies":[{"embeddable":true,"href":"https:\/\/eyfsolutions.com\/pt-br\/wp-json\/wp\/v2\/comments?post=130732"}],"version-history":[{"count":0,"href":"https:\/\/eyfsolutions.com\/pt-br\/wp-json\/wp\/v2\/pages\/130732\/revisions"}],"wp:featuredmedia":[{"embeddable":true,"href":"https:\/\/eyfsolutions.com\/pt-br\/wp-json\/wp\/v2\/media\/130800"}],"wp:attachment":[{"href":"https:\/\/eyfsolutions.com\/pt-br\/wp-json\/wp\/v2\/media?parent=130732"}],"curies":[{"name":"wp","href":"https:\/\/api.w.org\/{rel}","templated":true}]}}